{"id":63,"date":"2025-03-26T15:43:46","date_gmt":"2025-03-26T14:43:46","guid":{"rendered":"http:\/\/gymcoutances.fr:8888\/?page_id=63"},"modified":"2026-01-14T09:54:39","modified_gmt":"2026-01-14T08:54:39","slug":"contact","status":"publish","type":"page","link":"https:\/\/gymcoutances.fr\/index.php\/contact\/","title":{"rendered":"Contact"},"content":{"rendered":"\n<p><\/p>\n\n\n\n<div class=\"wp-block-stackable-columns alignfull stk-block-columns stk-block stk-948158f stk-block-background\" data-block-id=\"948158f\"><style>.stk-948158f {background-color:var(--theme-palette-color-1, #240046) !important;background-position:center center !important;min-height:400px !important;align-items:center !important;padding-top:var(--stk--preset--spacing--70, 3.38rem) !important;padding-right:var(--stk--preset--spacing--70, 3.38rem) !important;padding-bottom:var(--stk--preset--spacing--70, 3.38rem) !important;padding-left:var(--stk--preset--spacing--70, 3.38rem) !important;margin-top:3rem !important;margin-bottom:0rem !important;display:flex !important;}.stk-948158f:before{background-color:var(--theme-palette-color-1, #240046) !important;}<\/style><div class=\"stk-row stk-inner-blocks stk-block-content stk-content-align stk-948158f-column alignwide\">\n<div class=\"wp-block-stackable-column stk-block-column stk-column stk-block stk-6f41209\" data-v=\"4\" data-block-id=\"6f41209\"><div class=\"stk-column-wrapper stk-block-column__content stk-container stk-6f41209-container stk--no-background stk--no-padding\"><div class=\"stk-block-content stk-inner-blocks stk-6f41209-inner-blocks\">\n<div class=\"wp-block-stackable-subtitle stk-block-subtitle stk-block stk-4a444d6\" data-block-id=\"4a444d6\"><style>.stk-4a444d6 {margin-bottom:0px !important;}.stk-4a444d6 .stk-block-subtitle__text{color:#ffffff !important;text-transform:uppercase !important;}<\/style><p class=\"stk-block-subtitle__text stk-subtitle has-text-color has-text-align-center\">contact<\/p><\/div>\n\n\n\n<div class=\"wp-block-stackable-heading stk-block-heading stk-block-heading--v2 stk-block stk-19cecb7\" id=\"heading-placeholder\" data-block-id=\"19cecb7\"><style>.stk-19cecb7 .stk-block-heading__text{font-size:60px !important;color:#ffffff !important;}@media screen and (max-width:999px){.stk-19cecb7 .stk-block-heading__text{font-size:50px !important;}}<\/style><h1 class=\"stk-block-heading__text has-text-color has-text-align-center\">Retrouvez-nous<\/h1><\/div>\n<\/div><\/div><\/div>\n<\/div><\/div>\n\n\n\n<div class=\"wp-block-stackable-columns stk-block-columns stk-block stk-50b298d\" data-block-id=\"50b298d\"><style>.stk-50b298d .stk--block-align-50b298d{align-items:flex-start !important;}.stk-50b298d {border-top-left-radius:var(--stk--preset--border-radius--large, 16px) !important;border-top-right-radius:var(--stk--preset--border-radius--large, 16px) !important;border-bottom-right-radius:var(--stk--preset--border-radius--large, 16px) !important;border-bottom-left-radius:var(--stk--preset--border-radius--large, 16px) !important;overflow:hidden !important;border-style:solid !important;border-color:var(--theme-palette-color-2, #EFE8F8) !important;border-top-width:5px !important;border-right-width:5px !important;border-bottom-width:5px !important;border-left-width:5px !important;padding-top:var(--stk--preset--spacing--none, 0px) !important;padding-right:var(--stk--preset--spacing--none, 0px) !important;padding-bottom:var(--stk--preset--spacing--none, 0px) !important;padding-left:var(--stk--preset--spacing--none, 0px) !important;margin-top:var(--stk--preset--spacing--60, 2.25rem) !important;margin-bottom:var(--stk--preset--spacing--40, 1rem) !important;}.stk-50b298d-column{--stk-columns-spacing:var(--stk--preset--spacing--none, 0px) !important;--stk-column-gap:var(--stk--preset--spacing--50, 1.5rem) !important;}<\/style><div class=\"stk-row stk-inner-blocks stk--block-align-50b298d stk-block-content stk-content-align stk-50b298d-column\">\n<div class=\"wp-block-stackable-column stk-block-column stk-column stk-block stk-9740b5b stk-block-background\" data-v=\"4\" data-block-id=\"9740b5b\"><style>.stk-9740b5b {align-self:flex-start !important;background-color:var(--theme-palette-color-2, #EFE8F8) !important;border-top-left-radius:var(--stk--preset--border-radius--medium, 8px) !important;border-top-right-radius:var(--stk--preset--border-radius--none, 0px) !important;border-bottom-right-radius:var(--stk--preset--border-radius--none, 0px) !important;border-bottom-left-radius:var(--stk--preset--border-radius--medium, 8px) !important;overflow:hidden !important;margin-bottom:var(--stk--preset--spacing--none, 0px) !important;}.stk-9740b5b-inner-blocks{align-items:flex-start !important;justify-content:flex-start !important;row-gap:var(--stk--preset--spacing--none, 0px) !important;}.stk-9740b5b:before{background-color:var(--theme-palette-color-2, #EFE8F8) !important;}.stk-9740b5b-container{min-height:var(--stk--preset--block-height--xx-large, 32rem) !important;padding-top:var(--stk--preset--spacing--50, 1.5rem) !important;padding-right:var(--stk--preset--spacing--50, 1.5rem) !important;padding-bottom:var(--stk--preset--spacing--50, 1.5rem) !important;padding-left:var(--stk--preset--spacing--50, 1.5rem) !important;}@media screen and (min-width:690px){.stk-9740b5b {flex:var(--stk-flex-grow, 1) 1 calc(33.333% - var(--stk-column-gap, 0px) * 1 \/ 2 ) !important;}}<\/style><div class=\"stk-column-wrapper stk-block-column__content stk-container stk-9740b5b-container stk--no-background stk--no-padding\"><div class=\"stk--column-flex stk-block-content stk-inner-blocks stk-9740b5b-inner-blocks\">\n<div class=\"wp-block-stackable-heading stk-block-heading stk-block-heading--v2 stk-block stk-9aa2298\" id=\"span-style-color-var-theme-palette-color-1-240046-class-stk-highlight-contactez-nous-span\" data-block-id=\"9aa2298\"><style>.stk-9aa2298 {margin-bottom:60px !important;}<\/style><h3 class=\"stk-block-heading__text has-text-align-center\"><span style=\"color: var(--theme-palette-color-1, #240046);\" class=\"stk-highlight\">Contactez-nous<\/span><\/h3><\/div>\n\n\n\n<div class=\"wp-block-stackable-columns stk-block-columns stk-block stk-f7c9388\" data-block-id=\"f7c9388\"><div class=\"stk-row stk-inner-blocks stk-block-content stk-content-align stk-f7c9388-column\">\n<div class=\"wp-block-stackable-column stk-block-column stk-column stk-block stk-b10552b\" data-v=\"4\" data-block-id=\"b10552b\"><style>.stk-b10552b {align-self:center !important;border-style:solid !important;border-top-width:0px !important;border-right-width:0px !important;border-bottom-width:0px !important;border-left-width:0px !important;}<\/style><div class=\"stk-column-wrapper stk-block-column__content stk-container stk-b10552b-container stk--no-background stk--no-padding\"><div class=\"has-text-align-left stk-block-content stk-inner-blocks stk-b10552b-inner-blocks\">\n<div class=\"wp-block-stackable-subtitle stk-block-subtitle stk-block stk-43d4d71\" data-block-id=\"43d4d71\"><style>.stk-43d4d71 {margin-bottom:0px !important;}.stk-43d4d71 .stk-block-subtitle__text{font-size:24px !important;}@media screen and (max-width:999px){.stk-43d4d71 .stk-block-subtitle__text{font-size:24px !important;}}<\/style><p class=\"stk-block-subtitle__text stk-subtitle\"><strong><span style=\"color: var(--theme-palette-color-1, #240046);\" class=\"stk-highlight\">Adresse<\/span><\/strong><\/p><\/div>\n\n\n\n<div class=\"wp-block-stackable-text stk-block-text stk-block stk-1ff7732\" data-block-id=\"1ff7732\"><style>.stk-1ff7732 .stk-block-text__text{font-size:16px !important;font-weight:normal !important;}@media screen and (max-width:999px){.stk-1ff7732 .stk-block-text__text{font-size:16px !important;}}<\/style><p class=\"stk-block-text__text\"><span style=\"color: var(--theme-palette-color-1, #240046);\" class=\"stk-highlight\">Complexe Saint-Pierre<br>4 Rue des Carri\u00e8res Saint-Michel<br>50200 Saint-Pierre-de-Coutances<\/span><\/p><\/div>\n\n\n\n<div class=\"wp-block-stackable-subtitle stk-block-subtitle stk-block stk-f0fa217\" data-block-id=\"f0fa217\"><style>.stk-f0fa217 {margin-bottom:0px !important;}.stk-f0fa217 .stk-block-subtitle__text{font-size:24px !important;}@media screen and (max-width:999px){.stk-f0fa217 .stk-block-subtitle__text{font-size:24px !important;}}<\/style><p class=\"stk-block-subtitle__text stk-subtitle\"><strong><span style=\"color: var(--theme-palette-color-1, #240046);\" class=\"stk-highlight\">T\u00e9l\u00e9phone<\/span><\/strong><\/p><\/div>\n\n\n\n<div class=\"wp-block-stackable-text stk-block-text stk-block stk-8b1b31b\" data-block-id=\"8b1b31b\"><style>.stk-8b1b31b .stk-block-text__text{font-size:16px !important;font-weight:normal !important;}@media screen and (max-width:999px){.stk-8b1b31b .stk-block-text__text{font-size:16px !important;}}<\/style><p class=\"stk-block-text__text\"><span style=\"color: var(--theme-palette-color-1, #240046);\" class=\"stk-highlight\"><strong>06 85 82 49 08<\/strong><\/span><\/p><\/div>\n\n\n\n<div class=\"wp-block-stackable-subtitle stk-block-subtitle stk-block stk-d2d9c86\" data-block-id=\"d2d9c86\"><style>.stk-d2d9c86 {margin-bottom:0px !important;}.stk-d2d9c86 .stk-block-subtitle__text{font-size:24px !important;}@media screen and (max-width:999px){.stk-d2d9c86 .stk-block-subtitle__text{font-size:24px !important;}}<\/style><p class=\"stk-block-subtitle__text stk-subtitle\"><strong><span style=\"color: var(--theme-palette-color-1, #240046);\" class=\"stk-highlight\">Adresse mail<\/span><\/strong><\/p><\/div>\n\n\n\n<div class=\"wp-block-stackable-text stk-block-text stk-block stk-d2f41e5\" data-block-id=\"d2f41e5\"><style>.stk-d2f41e5 {margin-bottom:var(--stk--preset--spacing--20, 10px) !important;}.stk-d2f41e5 .stk-block-text__text{font-size:16px !important;font-weight:normal !important;}@media screen and (max-width:999px){.stk-d2f41e5 .stk-block-text__text{font-size:16px !important;}}<\/style><p class=\"stk-block-text__text\"><span style=\"color: var(--theme-palette-color-1, #240046);\" class=\"stk-highlight\">gymcoutances@gmail.<\/span>com<\/p><\/div>\n<\/div><\/div><\/div>\n<\/div><\/div>\n<\/div><\/div><\/div>\n\n\n\n<div class=\"wp-block-stackable-column stk-block-column stk-column stk-block stk-74c963b\" data-v=\"4\" data-block-id=\"74c963b\"><style>.stk-74c963b-container{margin-top:var(--stk--preset--spacing--none, 0px) !important;margin-right:var(--stk--preset--spacing--none, 0px) !important;margin-bottom:var(--stk--preset--spacing--none, 0px) !important;margin-left:var(--stk--preset--spacing--none, 0px) !important;min-height:var(--stk--preset--block-height--none, 0px) !important;padding-top:var(--stk--preset--spacing--none, 0px) !important;padding-right:var(--stk--preset--spacing--none, 0px) !important;padding-bottom:var(--stk--preset--spacing--none, 0px) !important;padding-left:var(--stk--preset--spacing--none, 0px) !important;}.stk-74c963b {align-self:flex-start !important;border-style:solid !important;border-top-width:0px !important;border-right-width:0px !important;border-bottom-width:0px !important;border-left-width:0px !important;margin-top:var(--stk--preset--spacing--none, 0px) !important;margin-right:24px !important;}.stk-74c963b-inner-blocks{justify-content:flex-start !important;row-gap:var(--stk--preset--spacing--none, 0px) !important;}@media screen and (min-width:690px){.stk-74c963b {flex:var(--stk-flex-grow, 1) 1 calc(66.667% - var(--stk-column-gap, 0px) * 1 \/ 2 ) !important;}}@media screen and (max-width:689px){.stk-74c963b-container{margin-top:var(--stk--preset--spacing--30, 0.67rem) !important;margin-right:var(--stk--preset--spacing--30, 0.67rem) !important;margin-bottom:var(--stk--preset--spacing--30, 0.67rem) !important;margin-left:var(--stk--preset--spacing--30, 0.67rem) !important;}}<\/style><div class=\"stk-column-wrapper stk-block-column__content stk-container stk-74c963b-container stk--no-background stk--no-padding\"><div class=\"stk--column-flex stk-block-content stk-inner-blocks stk-74c963b-inner-blocks\">\n<div class=\"wp-block-columns is-layout-flex wp-container-core-columns-is-layout-28f84493 wp-block-columns-is-layout-flex\">\n<div class=\"wp-block-column is-layout-flow wp-block-column-is-layout-flow\" style=\"border-style:none;border-width:0px;padding-top:0;padding-bottom:0;flex-basis:100%\"><style id=\"wpforms-css-vars-663-block-0b07d0ed-9b0a-4319-8a9b-3f34a5e2a751\">\n\t\t\t\t#wpforms-663.wpforms-block-0b07d0ed-9b0a-4319-8a9b-3f34a5e2a751 {\n\t\t\t\t--wpforms-label-color: #240046;\n--wpforms-label-sublabel-color: #240046;\n--wpforms-field-border-size: px;\n--wpforms-field-background-color: #EFE8F8;\n--wpforms-field-border-color: #EFE8F8;\n--wpforms-field-border-color-spare: #EFE8F8;\n--wpforms-field-text-color: #240046;\n--wpforms-button-background-color: var(--theme-palette-color-1, #240046);\n--wpforms-field-size-input-height: 43px;\n--wpforms-field-size-input-spacing: 15px;\n--wpforms-field-size-font-size: 16px;\n--wpforms-field-size-line-height: 19px;\n--wpforms-field-size-padding-h: 14px;\n--wpforms-field-size-checkbox-size: 16px;\n--wpforms-field-size-sublabel-spacing: 5px;\n--wpforms-field-size-icon-size: 1;\n--wpforms-label-size-font-size: 16px;\n--wpforms-label-size-line-height: 19px;\n--wpforms-label-size-sublabel-font-size: 14px;\n--wpforms-label-size-sublabel-line-height: 17px;\n--wpforms-button-size-font-size: 17px;\n--wpforms-button-size-height: 41px;\n--wpforms-button-size-padding-h: 15px;\n--wpforms-button-size-margin-top: 10px;\n\t\t\t}\n\t\t\t<\/style><div class=\"wpforms-container wpforms-container-full wpforms-block wpforms-block-0b07d0ed-9b0a-4319-8a9b-3f34a5e2a751 wpforms-render-modern\" id=\"wpforms-663\"><form id=\"wpforms-form-663\" class=\"wpforms-validate wpforms-form wpforms-ajax-form\" data-formid=\"663\" method=\"post\" enctype=\"multipart\/form-data\" action=\"\/index.php\/wp-json\/wp\/v2\/pages\/63\" data-token=\"5498d81ce6fbce7c91e290be4693f7d1\" data-token-time=\"1776774748\"><noscript class=\"wpforms-error-noscript\">Veuillez activer JavaScript dans votre navigateur pour remplir ce formulaire.<\/noscript><div id=\"wpforms-error-noscript\" style=\"display: none;\">Veuillez activer JavaScript dans votre navigateur pour remplir ce formulaire.<\/div><div class=\"wpforms-field-container\"><div id=\"wpforms-663-field_5-container\" class=\"wpforms-field wpforms-field-name\" data-field-id=\"5\"><fieldset><legend class=\"wpforms-field-label\">Nom <span class=\"wpforms-required-label\" aria-hidden=\"true\">*<\/span><\/legend><div class=\"wpforms-field-row wpforms-field-medium\"><div class=\"wpforms-field-row-block wpforms-first wpforms-one-half\"><input type=\"text\" id=\"wpforms-663-field_5\" class=\"wpforms-field-name-first wpforms-field-required\" name=\"wpforms[fields][5][first]\" aria-errormessage=\"wpforms-663-field_5-error\" required><label for=\"wpforms-663-field_5\" class=\"wpforms-field-sublabel after\">Pr\u00e9nom<\/label><\/div><div class=\"wpforms-field-row-block wpforms-one-half\"><input type=\"text\" id=\"wpforms-663-field_5-last\" class=\"wpforms-field-name-last wpforms-field-required\" name=\"wpforms[fields][5][last]\" aria-errormessage=\"wpforms-663-field_5-last-error\" required><label for=\"wpforms-663-field_5-last\" class=\"wpforms-field-sublabel after\">Nom<\/label><\/div><\/div><\/fieldset><\/div><div id=\"wpforms-663-field_4-container\" class=\"wpforms-field wpforms-field-email\" data-field-id=\"4\"><label class=\"wpforms-field-label\" for=\"wpforms-663-field_4\">E-mail <span class=\"wpforms-required-label\" aria-hidden=\"true\">*<\/span><\/label><input type=\"email\" id=\"wpforms-663-field_4\" class=\"wpforms-field-small wpforms-field-required\" name=\"wpforms[fields][4]\" spellcheck=\"false\" aria-errormessage=\"wpforms-663-field_4-error\" required><\/div><div id=\"wpforms-663-field_2-container\" class=\"wpforms-field wpforms-field-textarea\" data-field-id=\"2\"><label class=\"wpforms-field-label\" for=\"wpforms-663-field_2\">Message<\/label><textarea id=\"wpforms-663-field_2\" class=\"wpforms-field-medium\" name=\"wpforms[fields][2]\" aria-errormessage=\"wpforms-663-field_2-error\" ><\/textarea><\/div><\/div><!-- .wpforms-field-container --><div class=\"wpforms-submit-container\" ><input type=\"hidden\" name=\"wpforms[id]\" value=\"663\"><input type=\"hidden\" name=\"page_title\" value=\"\"><input type=\"hidden\" name=\"page_url\" value=\"https:\/\/gymcoutances.fr\/index.php\/wp-json\/wp\/v2\/pages\/63\"><input type=\"hidden\" name=\"url_referer\" value=\"\"><button type=\"submit\" name=\"wpforms[submit]\" id=\"wpforms-submit-663\" class=\"wpforms-submit\" data-alt-text=\"En cours d&#039;envoie\" data-submit-text=\"Envoyer\" aria-live=\"assertive\" value=\"wpforms-submit\">Envoyer<\/button><img loading=\"lazy\" decoding=\"async\" src=\"https:\/\/gymcoutances.fr\/wp-content\/plugins\/wpforms-lite\/assets\/images\/submit-spin.svg\" class=\"wpforms-submit-spinner\" style=\"display: none;\" width=\"26\" height=\"26\" alt=\"Chargement en cours\"><\/div><\/form><\/div>  <!-- .wpforms-container --><\/div>\n<\/div>\n<\/div><\/div><\/div>\n<\/div><\/div>\n\n\n\n<div class=\"wp-block-stackable-columns stk-block-columns stk-block stk-5e6ce59\" data-block-id=\"5e6ce59\"><div class=\"stk-row stk-inner-blocks stk-block-content stk-content-align stk-5e6ce59-column\">\n<div class=\"wp-block-stackable-column stk-block-column stk-column stk-block stk-da83678\" data-v=\"4\" data-block-id=\"da83678\"><div class=\"stk-column-wrapper stk-block-column__content stk-container stk-da83678-container stk--no-background stk--no-padding\"><div class=\"stk-block-content stk-inner-blocks stk-da83678-inner-blocks\">\n<div class=\"wp-block-stackable-map stk-block-map stk-block stk-9a47d3e\" data-block-id=\"9a47d3e\"><style>.stk-9a47d3e .stk-block-map__canvas, .stk-9a47d3e iframe{height:391px !important;}.stk-9a47d3e {border-top-left-radius:var(--stk--preset--border-radius--xx-large, 32px) !important;border-top-right-radius:var(--stk--preset--border-radius--xx-large, 32px) !important;border-bottom-right-radius:var(--stk--preset--border-radius--xx-large, 32px) !important;border-bottom-left-radius:var(--stk--preset--border-radius--xx-large, 32px) !important;overflow:hidden !important;}<\/style><iframe\n\t\t\t\t\t\ttitle=\"Contenu embarqu\u00e9 de la plateforme Google Map.\"\n\t\t\t\t\t\tsrc=\"https:\/\/maps.google.com\/maps?q=Complexe Saint-Pierre 4 Rue des Carri\u00e8res Saint-Michel 50200 Saint-Pierre-de-Coutances&#038;t=&#038;z=12&#038;ie=UTF8&#038;output=embed\"\n\t\t\t\t\t\tstyle=\"border:0;width:100%;max-width:none;max-height:none;height:100%;\"\n\t\t\t\t\t\taria-hidden=\"false\"\n\t\t\t\t\t\ttabIndex=\"0\"\n\t\t\t\t\t\tallowfullscreen\n\t\t\t\t\t\tloading=\"lazy\"\n\t\t\t\t\t\tframeBorder=\"0\"\n\t\t\t\t\t><\/iframe><\/div>\n<\/div><\/div><\/div>\n<\/div><\/div>\n","protected":false},"excerpt":{"rendered":"<p>contact Retrouvez-nous Contactez-nous Adresse Complexe Saint-Pierre4 Rue des Carri\u00e8res Saint-Michel50200 Saint-Pierre-de-Coutances T\u00e9l\u00e9phone 06 85 82 49 08 Adresse mail gymcoutances@gmail.com<\/p>\n","protected":false},"author":1,"featured_media":0,"parent":0,"menu_order":0,"comment_status":"closed","ping_status":"closed","template":"","meta":{"footnotes":""},"class_list":["post-63","page","type-page","status-publish","hentry"],"blocksy_meta":[],"_links":{"self":[{"href":"https:\/\/gymcoutances.fr\/index.php\/wp-json\/wp\/v2\/pages\/63","targetHints":{"allow":["GET"]}}],"collection":[{"href":"https:\/\/gymcoutances.fr\/index.php\/wp-json\/wp\/v2\/pages"}],"about":[{"href":"https:\/\/gymcoutances.fr\/index.php\/wp-json\/wp\/v2\/types\/page"}],"author":[{"embeddable":true,"href":"https:\/\/gymcoutances.fr\/index.php\/wp-json\/wp\/v2\/users\/1"}],"replies":[{"embeddable":true,"href":"https:\/\/gymcoutances.fr\/index.php\/wp-json\/wp\/v2\/comments?post=63"}],"version-history":[{"count":42,"href":"https:\/\/gymcoutances.fr\/index.php\/wp-json\/wp\/v2\/pages\/63\/revisions"}],"predecessor-version":[{"id":1514,"href":"https:\/\/gymcoutances.fr\/index.php\/wp-json\/wp\/v2\/pages\/63\/revisions\/1514"}],"wp:attachment":[{"href":"https:\/\/gymcoutances.fr\/index.php\/wp-json\/wp\/v2\/media?parent=63"}],"curies":[{"name":"wp","href":"https:\/\/api.w.org\/{rel}","templated":true}]}}