{"id":191,"date":"2025-03-26T16:35:41","date_gmt":"2025-03-26T15:35:41","guid":{"rendered":"http:\/\/gymcoutances.fr:8888\/?page_id=191"},"modified":"2025-10-15T13:02:15","modified_gmt":"2025-10-15T11:02:15","slug":"baby-gym-et-eveil-gymnique","status":"publish","type":"page","link":"https:\/\/gymcoutances.fr\/index.php\/baby-gym-et-eveil-gymnique\/","title":{"rendered":"Baby Gym et \u00c9veil Gymnique"},"content":{"rendered":"\n<div class=\"wp-block-stackable-columns alignfull stk-block-columns stk-block stk-948158f stk-block-background stk--has-background-overlay\" data-block-id=\"948158f\"><style>.stk-948158f {background-image:url(https:\/\/gymcoutances.fr\/wp-content\/uploads\/2025\/10\/Baby-Gym.png) !important;min-height:400px !important;align-items:center !important;padding-top:var(--stk--preset--spacing--70, 3.38rem) !important;padding-right:var(--stk--preset--spacing--70, 3.38rem) !important;padding-bottom:var(--stk--preset--spacing--70, 3.38rem) !important;padding-left:var(--stk--preset--spacing--70, 3.38rem) !important;margin-top:3rem !important;margin-bottom:0rem !important;display:flex !important;}.stk-948158f:before{background-color:#000000 !important;opacity:0.5 !important;}<\/style><div class=\"stk-row stk-inner-blocks stk-block-content stk-content-align stk-948158f-column alignwide\">\n<div class=\"wp-block-stackable-column stk-block-column stk-column stk-block stk-6f41209\" data-v=\"4\" data-block-id=\"6f41209\"><div class=\"stk-column-wrapper stk-block-column__content stk-container stk-6f41209-container stk--no-background stk--no-padding\"><div class=\"stk-block-content stk-inner-blocks stk-6f41209-inner-blocks\">\n<div class=\"wp-block-stackable-subtitle stk-block-subtitle stk-block stk-4a444d6\" data-block-id=\"4a444d6\"><style>.stk-4a444d6 {margin-bottom:0px !important;}.stk-4a444d6 .stk-block-subtitle__text{color:#ffffff !important;text-transform:uppercase !important;}<\/style><p class=\"stk-block-subtitle__text stk-subtitle has-text-color has-text-align-center\">D\u00e9couvrez la<\/p><\/div>\n\n\n\n<div class=\"wp-block-stackable-heading stk-block-heading stk-block-heading--v2 stk-block stk-19cecb7\" id=\"heading-placeholder\" data-block-id=\"19cecb7\"><style>.stk-19cecb7 .stk-block-heading__text{font-size:60px !important;color:#ffffff !important;}@media screen and (max-width:999px){.stk-19cecb7 .stk-block-heading__text{font-size:50px !important;}}<\/style><h1 class=\"stk-block-heading__text has-text-color has-text-align-center\">Baby Gym et \u00c9veil Gymnique<\/h1><\/div>\n<\/div><\/div><\/div>\n<\/div><\/div>\n\n\n\n<div class=\"wp-block-stackable-feature stk-block-feature stk-block stk-e7700c3 is-style-default\" data-v=\"2\" data-block-id=\"e7700c3\"><style>.stk-e7700c3 {--stk-feature-flex-wrap:nowrap !important;margin-bottom:45px !important;}<\/style><div class=\"stk-content-align stk-e7700c3-column stk-container stk-e7700c3-container stk--no-background stk--no-padding\"><div class=\"stk-inner-blocks stk-block-content stk-row\">\n<div class=\"wp-block-stackable-column stk-block-column stk-column stk-block stk-5111cdb\" data-v=\"4\" data-block-id=\"5111cdb\"><style>.stk-5111cdb {align-self:center !important;}<\/style><div class=\"stk-column-wrapper stk-block-column__content stk-container stk-5111cdb-container stk--no-background stk--no-padding\"><div class=\"stk-block-content stk-inner-blocks stk-5111cdb-inner-blocks\">\n<div class=\"wp-block-stackable-text stk-block-text stk-block stk-de93d8c\" data-block-id=\"de93d8c\"><style>.stk-de93d8c {margin-top:var(--stk--preset--spacing--60, 2.25rem) !important;}.stk-de93d8c .stk-block-text__text{font-size:18px !important;color:#1a1a1a !important;}@media screen and (max-width:999px){.stk-de93d8c .stk-block-text__text{font-size:18px !important;}}<\/style><p class=\"stk-block-text__text has-text-color has-text-align-center\">La <strong>Baby Gym<\/strong> s\u2019adresse aux enfants de <strong>3 \u00e0 4 ans<\/strong> (Petite et Moyenne Section de maternelle). C\u2019est une premi\u00e8re approche de la gymnastique par le <strong>plaisir et le jeu<\/strong>, \u00e0 travers des parcours et situations vari\u00e9es sur un mat\u00e9riel color\u00e9, matelass\u00e9 et s\u00e9curis\u00e9. Les enfants y d\u00e9veloppent leurs <strong>aptitudes motrices, sensorielles, affectives et cognitives<\/strong>, tout en gagnant en <strong>\u00e9quilibre, coordination et confiance en soi<\/strong>. L\u2019<strong>\u00c9veil Gymnique<\/strong>, propos\u00e9 aux enfants de <strong>5 \u00e0 6 ans<\/strong>, constitue une transition vers la gymnastique artistique. Toujours sous une forme ludique, il favorise l\u2019<strong>autonomie<\/strong> et le plaisir de progresser, tout en pr\u00e9parant aux bases techniques.<\/p><\/div>\n<\/div><\/div><\/div>\n<\/div><\/div><\/div>\n\n\n\n<div class=\"wp-block-columns is-layout-flex wp-container-core-columns-is-layout-66fad18a wp-block-columns-is-layout-flex\">\n<div class=\"wp-block-column is-vertically-aligned-center is-layout-flow wp-block-column-is-layout-flow\" style=\"flex-basis:50%\">\n<div class=\"wp-block-columns is-layout-flex wp-container-core-columns-is-layout-2709eace wp-block-columns-is-layout-flex\">\n<div class=\"wp-block-column is-layout-flow wp-block-column-is-layout-flow\">\n<div style=\"height:60px\" aria-hidden=\"true\" class=\"wp-block-spacer ct-hidden-md ct-hidden-sm\"><\/div>\n\n\n\n<figure class=\"wp-block-image aligncenter size-full has-custom-border is-style-default\" style=\"margin-bottom:30px\"><img loading=\"lazy\" decoding=\"async\" width=\"714\" height=\"714\" src=\"https:\/\/gymcoutances.fr\/wp-content\/uploads\/2025\/10\/BABY-GYM_2.png\" alt=\"BABY GYM_2\" class=\"wp-image-1454\" style=\"border-radius:20px;aspect-ratio:3\/4;object-fit:cover\" srcset=\"https:\/\/gymcoutances.fr\/wp-content\/uploads\/2025\/10\/BABY-GYM_2.png 714w, https:\/\/gymcoutances.fr\/wp-content\/uploads\/2025\/10\/BABY-GYM_2-300x300.png 300w, https:\/\/gymcoutances.fr\/wp-content\/uploads\/2025\/10\/BABY-GYM_2-150x150.png 150w\" sizes=\"auto, (max-width: 714px) 100vw, 714px\" \/><\/figure>\n\n\n\n<figure class=\"wp-block-image size-full has-custom-border is-style-default\" style=\"margin-top:0;margin-bottom:0\"><img loading=\"lazy\" decoding=\"async\" width=\"714\" height=\"714\" src=\"https:\/\/gymcoutances.fr\/wp-content\/uploads\/2025\/10\/BABY-GYM_4.png\" alt=\"BABY GYM_4\" class=\"wp-image-1456\" style=\"border-radius:20px;aspect-ratio:3\/4;object-fit:cover\" srcset=\"https:\/\/gymcoutances.fr\/wp-content\/uploads\/2025\/10\/BABY-GYM_4.png 714w, https:\/\/gymcoutances.fr\/wp-content\/uploads\/2025\/10\/BABY-GYM_4-300x300.png 300w, https:\/\/gymcoutances.fr\/wp-content\/uploads\/2025\/10\/BABY-GYM_4-150x150.png 150w\" sizes=\"auto, (max-width: 714px) 100vw, 714px\" \/><\/figure>\n<\/div>\n\n\n\n<div class=\"wp-block-column is-layout-flow wp-block-column-is-layout-flow\">\n<figure class=\"wp-block-image size-full has-custom-border\" style=\"margin-bottom:30px\"><img loading=\"lazy\" decoding=\"async\" width=\"714\" height=\"714\" src=\"https:\/\/gymcoutances.fr\/wp-content\/uploads\/2025\/10\/BABY-GYM_3.png\" alt=\"BABY GYM_3\" class=\"wp-image-1455\" style=\"border-radius:20px;aspect-ratio:3\/4;object-fit:cover\" srcset=\"https:\/\/gymcoutances.fr\/wp-content\/uploads\/2025\/10\/BABY-GYM_3.png 714w, https:\/\/gymcoutances.fr\/wp-content\/uploads\/2025\/10\/BABY-GYM_3-300x300.png 300w, https:\/\/gymcoutances.fr\/wp-content\/uploads\/2025\/10\/BABY-GYM_3-150x150.png 150w\" sizes=\"auto, (max-width: 714px) 100vw, 714px\" \/><\/figure>\n\n\n\n<figure class=\"wp-block-image size-full has-custom-border\"><img loading=\"lazy\" decoding=\"async\" width=\"714\" height=\"714\" src=\"https:\/\/gymcoutances.fr\/wp-content\/uploads\/2025\/10\/BABY-GYM_1.png\" alt=\"BABY GYM_1\" class=\"wp-image-1453\" style=\"border-radius:20px;aspect-ratio:3\/4;object-fit:cover\" srcset=\"https:\/\/gymcoutances.fr\/wp-content\/uploads\/2025\/10\/BABY-GYM_1.png 714w, https:\/\/gymcoutances.fr\/wp-content\/uploads\/2025\/10\/BABY-GYM_1-300x300.png 300w, https:\/\/gymcoutances.fr\/wp-content\/uploads\/2025\/10\/BABY-GYM_1-150x150.png 150w\" sizes=\"auto, (max-width: 714px) 100vw, 714px\" \/><\/figure>\n<\/div>\n<\/div>\n<\/div>\n\n\n\n<div class=\"wp-block-column is-vertically-aligned-center has-palette-color-1-color has-palette-color-2-background-color has-text-color has-background has-link-color wp-elements-846452698a6ea011112e9a2086bc1e3f is-layout-flow wp-block-column-is-layout-flow\" style=\"border-style:none;border-width:0px;border-radius:10px;padding-top:var(--wp--preset--spacing--60);padding-right:var(--wp--preset--spacing--60);padding-bottom:var(--wp--preset--spacing--60);padding-left:var(--wp--preset--spacing--60);flex-basis:50%\">\n<div class=\"wp-block-stackable-heading stk-block-heading stk-block-heading--v2 stk-block stk-8166798\" id=\"les-infos-utiles\" data-block-id=\"8166798\"><style>.stk-8166798 {margin-bottom:0px !important;}<\/style><h2 class=\"stk-block-heading__text has-text-align-center\">Les infos utiles<\/h2><\/div>\n\n\n\n<p class=\"has-text-align-center\">Tout ce qu&rsquo;il faut savoir pour bien pr\u00e9parer votre saison de gym. <\/p>\n\n\n\n<div class=\"wp-block-stackable-spacer stk-block-spacer stk--no-padding stk-block stk-184f370\" data-block-id=\"184f370\"><style>.stk-184f370 {height:23px !important;}<\/style><\/div>\n\n\n\n<div class=\"wp-block-stackable-heading stk-block-heading stk-block-heading--v2 stk-block stk-6401da6\" id=\"tenue\" data-block-id=\"6401da6\"><style>.stk-6401da6 {margin-bottom:0px !important;}<\/style><h5 class=\"stk-block-heading__text\">Tenue<\/h5><\/div>\n\n\n\n<p>Une tenue souple n\u2019entravant pas le mouvement. Les enfants peuvent \u00eatre pieds nus ou en chaussettes, penser \u00e0 vos gourdes ou bouteille d\u2019eau. Merci de retirer les bijoux \u00e9ventuels avant la s\u00e9ance. Les cheveux doivent \u00eatre attach\u00e9s.&nbsp;<\/p>\n\n\n\n<div class=\"wp-block-stackable-heading stk-block-heading stk-block-heading--v2 stk-block stk-2d54889\" id=\"tarif\" data-block-id=\"2d54889\"><style>.stk-2d54889 {margin-bottom:0px !important;}<\/style><h5 class=\"stk-block-heading__text\">Tarif<\/h5><\/div>\n\n\n\n<p>Cotisation annuelle :<\/p>\n\n\n\n<ul class=\"wp-block-list\">\n<li>Baby gym : 200\u20ac<\/li>\n\n\n\n<li>\u00c9veil gymnique : 210\u20ac<\/li>\n<\/ul>\n\n\n\n<p>Inscription en ligne. Pour \u00eatre valid\u00e9e vous devez amener les documents demand\u00e9 aux permanences.<\/p>\n\n\n\n<div class=\"wp-block-stackable-heading stk-block-heading stk-block-heading--v2 stk-block stk-0ab40f5\" id=\"horaire\" data-block-id=\"0ab40f5\"><style>.stk-0ab40f5 {margin-bottom:0px !important;}<\/style><h5 class=\"stk-block-heading__text\">Horaire<\/h5><\/div>\n\n\n\n<p><strong>BABY GYM<\/strong> : <\/p>\n\n\n\n<ul class=\"wp-block-list\">\n<li>Mercredi de 10h00 \u00e0 10h45&nbsp;<\/li>\n\n\n\n<li>Samedi de 10h00 \u00e0 10h45&nbsp;<\/li>\n<\/ul>\n\n\n\n<p><strong>\u00c9VEIL GYMNIQUE : <\/strong><\/p>\n\n\n\n<ul class=\"wp-block-list\">\n<li>Mardi de 16h45 \u00e0 17h45&nbsp;<\/li>\n\n\n\n<li>Mercredi de 10h00 \u00e0 11h00&nbsp;<\/li>\n\n\n\n<li>Samedi de 11h00 \u00e0 12h00&nbsp;<\/li>\n<\/ul>\n\n\n\n<div class=\"wp-block-stackable-button-group stk-block-button-group stk-block stk-54dc6c5\" data-block-id=\"54dc6c5\"><style>.stk-54dc6c5 {margin-top:var(--stk--preset--spacing--50, 1.5rem) !important;}<\/style><div class=\"stk-row stk-inner-blocks has-text-align-center stk-block-content stk-button-group\">\n<div class=\"wp-block-stackable-button stk-block-button stk-block stk-a5e5fed\" data-block-id=\"a5e5fed\"><style>.stk-a5e5fed {margin-top:var(--stk--preset--spacing--none, 0px) !important;}.stk-a5e5fed .stk-button{padding-top:var(--stk--preset--spacing--30, 0.67rem) !important;padding-right:var(--stk--preset--spacing--80, 5.06rem) !important;padding-bottom:var(--stk--preset--spacing--30, 0.67rem) !important;padding-left:var(--stk--preset--spacing--80, 5.06rem) !important;border-top-left-radius:var(--stk--preset--border-radius--full, 9999px) !important;border-top-right-radius:var(--stk--preset--border-radius--full, 9999px) !important;border-bottom-right-radius:var(--stk--preset--border-radius--full, 9999px) !important;border-bottom-left-radius:var(--stk--preset--border-radius--full, 9999px) !important;}.stk-a5e5fed .stk-button__inner-text{font-weight:bold !important;}<\/style><a class=\"stk-link stk-button stk--hover-effect-darken\" href=\"https:\/\/www.gestgym.com\/public\/inscription\/add\/50-st-michel-de-coutances-6KrOKjFaLwF.html?fbclid=IwY2xjawMlQuhleHRuA2FlbQIxMABicmlkETF1VnhNZ0xlTGtSTlIyNXlFAR6jvgQXGRPvA3-k8dqFaAUe-zvT9ze0U7YRJEoIcgE_mg4Qz3xaY-rPTkNOIA_aem_RuIfjycgIwUg0AnGja10YQ\"><span class=\"stk-button__inner-text\">Je souhaite inscrire mon enfant<\/span><\/a><\/div>\n<\/div><\/div>\n<\/div>\n<\/div>\n","protected":false},"excerpt":{"rendered":"<p>D\u00e9couvrez la Baby Gym et \u00c9veil Gymnique La Baby Gym s\u2019adresse aux enfants de 3 \u00e0 4 ans (Petite et Moyenne Section de maternelle). C\u2019est une premi\u00e8re approche de la gymnastique par le plaisir et le jeu, \u00e0 travers des parcours et situations vari\u00e9es sur un mat\u00e9riel color\u00e9, matelass\u00e9 et s\u00e9curis\u00e9. Les enfants y d\u00e9veloppent [&hellip;]<\/p>\n","protected":false},"author":1,"featured_media":0,"parent":0,"menu_order":0,"comment_status":"closed","ping_status":"closed","template":"page-templates\/full-width-page.php","meta":{"footnotes":""},"class_list":["post-191","page","type-page","status-publish","hentry"],"blocksy_meta":[],"_links":{"self":[{"href":"https:\/\/gymcoutances.fr\/index.php\/wp-json\/wp\/v2\/pages\/191","targetHints":{"allow":["GET"]}}],"collection":[{"href":"https:\/\/gymcoutances.fr\/index.php\/wp-json\/wp\/v2\/pages"}],"about":[{"href":"https:\/\/gymcoutances.fr\/index.php\/wp-json\/wp\/v2\/types\/page"}],"author":[{"embeddable":true,"href":"https:\/\/gymcoutances.fr\/index.php\/wp-json\/wp\/v2\/users\/1"}],"replies":[{"embeddable":true,"href":"https:\/\/gymcoutances.fr\/index.php\/wp-json\/wp\/v2\/comments?post=191"}],"version-history":[{"count":11,"href":"https:\/\/gymcoutances.fr\/index.php\/wp-json\/wp\/v2\/pages\/191\/revisions"}],"predecessor-version":[{"id":1459,"href":"https:\/\/gymcoutances.fr\/index.php\/wp-json\/wp\/v2\/pages\/191\/revisions\/1459"}],"wp:attachment":[{"href":"https:\/\/gymcoutances.fr\/index.php\/wp-json\/wp\/v2\/media?parent=191"}],"curies":[{"name":"wp","href":"https:\/\/api.w.org\/{rel}","templated":true}]}}