{"id":1152,"date":"2025-09-03T18:14:27","date_gmt":"2025-09-03T16:14:27","guid":{"rendered":"http:\/\/gymcoutances.fr:8888\/?page_id=1152"},"modified":"2026-03-04T14:50:42","modified_gmt":"2026-03-04T13:50:42","slug":"article-2","status":"publish","type":"page","link":"https:\/\/gymcoutances.fr\/index.php\/article-2\/","title":{"rendered":"Retour sur le Gala 2025"},"content":{"rendered":"\n<div class=\"wp-block-stackable-columns alignfull stk-block-columns stk-block stk-948158f stk-block-background stk--has-background-overlay\" data-block-id=\"948158f\"><style>.stk-948158f {background-image:url(https:\/\/gymcoutances.fr\/wp-content\/uploads\/2025\/09\/Club.png) !important;min-height:400px !important;align-items:center !important;padding-top:var(--stk--preset--spacing--70, 3.38rem) !important;padding-right:var(--stk--preset--spacing--70, 3.38rem) !important;padding-bottom:var(--stk--preset--spacing--70, 3.38rem) !important;padding-left:var(--stk--preset--spacing--70, 3.38rem) !important;margin-top:3rem !important;margin-bottom:0rem !important;display:flex !important;}.stk-948158f:before{background-color:#000000 !important;opacity:0.3 !important;}<\/style><div class=\"stk-row stk-inner-blocks stk-block-content stk-content-align stk-948158f-column alignwide\">\n<div class=\"wp-block-stackable-column stk-block-column stk-column stk-block stk-6f41209\" data-v=\"4\" data-block-id=\"6f41209\"><div class=\"stk-column-wrapper stk-block-column__content stk-container stk-6f41209-container stk--no-background stk--no-padding\"><div class=\"stk-block-content stk-inner-blocks stk-6f41209-inner-blocks\">\n<div class=\"wp-block-stackable-subtitle stk-block-subtitle stk-block stk-4a444d6\" data-block-id=\"4a444d6\"><style>.stk-4a444d6 {margin-bottom:0px !important;}.stk-4a444d6 .stk-block-subtitle__text{color:#ffffff !important;text-transform:uppercase !important;}<\/style><p class=\"stk-block-subtitle__text stk-subtitle has-text-color has-text-align-center\">1 er septembre 2025<\/p><\/div>\n\n\n\n<div class=\"wp-block-stackable-heading stk-block-heading stk-block-heading--v2 stk-block stk-19cecb7\" id=\"heading-placeholder\" data-block-id=\"19cecb7\"><style>.stk-19cecb7 .stk-block-heading__text{font-size:60px !important;color:#ffffff !important;}@media screen and (max-width:999px){.stk-19cecb7 .stk-block-heading__text{font-size:50px !important;}}<\/style><h1 class=\"stk-block-heading__text has-text-color has-text-align-center\">Retour sur le Gala 2025<\/h1><\/div>\n<\/div><\/div><\/div>\n<\/div><\/div>\n\n\n\n<div class=\"wp-block-stackable-spacer stk-block-spacer stk--no-padding stk-block stk-2114dbe\" data-block-id=\"2114dbe\"><\/div>\n\n\n\n<div class=\"wp-block-group has-palette-color-1-color has-text-color has-link-color wp-elements-ac55fbbe45c6574419cf037b0c10d743 is-layout-constrained wp-block-group-is-layout-constrained\">\n<p><strong>\ud83e\udd38\u200d\u2640\ufe0f MERCI POUR CE MAGNIFIQUE GALA 2025 !<\/strong><\/p>\n\n\n\n<p>Un immense merci \u00e0 toutes celles et ceux qui ont particip\u00e9 ou assist\u00e9 \u00e0 notre <strong>Gala de gymnastique 2025<\/strong> en juin dernier !<br>Votre pr\u00e9sence, vos applaudissements et votre \u00e9nergie ont fait de cet \u00e9v\u00e9nement un <strong>moment inoubliable<\/strong> pour nos gymnastes, nos entra\u00eeneurs et toute l\u2019\u00e9quipe du club.<\/p>\n\n\n\n<p>\ud83d\udc4f Bravo \u00e0 nos sportifs pour leurs performances, merci aux b\u00e9n\u00e9voles pour leur implication et aux familles pour leur soutien.<br>Vous avez contribu\u00e9 \u00e0 faire rayonner la <strong>Saint-Michel Gymnastique<\/strong> et \u00e0 partager notre passion pour ce sport.<\/p>\n\n\n\n<p>On se retrouve tr\u00e8s bient\u00f4t pour une nouvelle saison pleine d\u2019\u00e9nergie, de progression et de convivialit\u00e9 ! \ud83d\udcaa\u2728<\/p>\n<\/div>\n","protected":false},"excerpt":{"rendered":"<p>1 er septembre 2025 Retour sur le Gala 2025 \ud83e\udd38\u200d\u2640\ufe0f MERCI POUR CE MAGNIFIQUE GALA 2025 ! Un immense merci \u00e0 toutes celles et ceux qui ont particip\u00e9 ou assist\u00e9 \u00e0 notre Gala de gymnastique 2025 en juin dernier !Votre pr\u00e9sence, vos applaudissements et votre \u00e9nergie ont fait de cet \u00e9v\u00e9nement un moment inoubliable pour [&hellip;]<\/p>\n","protected":false},"author":1,"featured_media":0,"parent":0,"menu_order":0,"comment_status":"closed","ping_status":"closed","template":"","meta":{"footnotes":""},"class_list":["post-1152","page","type-page","status-publish","hentry"],"blocksy_meta":[],"_links":{"self":[{"href":"https:\/\/gymcoutances.fr\/index.php\/wp-json\/wp\/v2\/pages\/1152","targetHints":{"allow":["GET"]}}],"collection":[{"href":"https:\/\/gymcoutances.fr\/index.php\/wp-json\/wp\/v2\/pages"}],"about":[{"href":"https:\/\/gymcoutances.fr\/index.php\/wp-json\/wp\/v2\/types\/page"}],"author":[{"embeddable":true,"href":"https:\/\/gymcoutances.fr\/index.php\/wp-json\/wp\/v2\/users\/1"}],"replies":[{"embeddable":true,"href":"https:\/\/gymcoutances.fr\/index.php\/wp-json\/wp\/v2\/comments?post=1152"}],"version-history":[{"count":4,"href":"https:\/\/gymcoutances.fr\/index.php\/wp-json\/wp\/v2\/pages\/1152\/revisions"}],"predecessor-version":[{"id":1525,"href":"https:\/\/gymcoutances.fr\/index.php\/wp-json\/wp\/v2\/pages\/1152\/revisions\/1525"}],"wp:attachment":[{"href":"https:\/\/gymcoutances.fr\/index.php\/wp-json\/wp\/v2\/media?parent=1152"}],"curies":[{"name":"wp","href":"https:\/\/api.w.org\/{rel}","templated":true}]}}