{"id":1142,"date":"2025-09-03T18:06:27","date_gmt":"2025-09-03T16:06:27","guid":{"rendered":"http:\/\/gymcoutances.fr:8888\/?page_id=1142"},"modified":"2026-03-04T14:50:24","modified_gmt":"2026-03-04T13:50:24","slug":"article","status":"publish","type":"page","link":"https:\/\/gymcoutances.fr\/index.php\/article\/","title":{"rendered":"Assembl\u00e9e G\u00e9n\u00e9rale"},"content":{"rendered":"\n<div class=\"wp-block-stackable-columns alignfull stk-block-columns stk-block stk-948158f stk-block-background\" data-block-id=\"948158f\"><style>.stk-948158f {background-color:var(--theme-palette-color-1, #240046) !important;min-height:400px !important;align-items:center !important;padding-top:var(--stk--preset--spacing--70, 3.38rem) !important;padding-right:var(--stk--preset--spacing--70, 3.38rem) !important;padding-bottom:var(--stk--preset--spacing--70, 3.38rem) !important;padding-left:var(--stk--preset--spacing--70, 3.38rem) !important;margin-top:3rem !important;margin-bottom:0rem !important;display:flex !important;}.stk-948158f:before{background-color:var(--theme-palette-color-1, #240046) !important;}<\/style><div class=\"stk-row stk-inner-blocks stk-block-content stk-content-align stk-948158f-column alignwide\">\n<div class=\"wp-block-stackable-column stk-block-column stk-column stk-block stk-6f41209\" data-v=\"4\" data-block-id=\"6f41209\"><div class=\"stk-column-wrapper stk-block-column__content stk-container stk-6f41209-container stk--no-background stk--no-padding\"><div class=\"stk-block-content stk-inner-blocks stk-6f41209-inner-blocks\">\n<div class=\"wp-block-stackable-subtitle stk-block-subtitle stk-block stk-4a444d6\" data-block-id=\"4a444d6\"><style>.stk-4a444d6 {margin-bottom:0px !important;}.stk-4a444d6 .stk-block-subtitle__text{color:#ffffff !important;text-transform:uppercase !important;}<\/style><p class=\"stk-block-subtitle__text stk-subtitle has-text-color has-text-align-center\">10 Janvier 2026<\/p><\/div>\n\n\n\n<div class=\"wp-block-stackable-heading stk-block-heading stk-block-heading--v2 stk-block stk-19cecb7\" id=\"heading-placeholder\" data-block-id=\"19cecb7\"><style>.stk-19cecb7 .stk-block-heading__text{font-size:60px !important;color:#ffffff !important;}@media screen and (max-width:999px){.stk-19cecb7 .stk-block-heading__text{font-size:50px !important;}}<\/style><h1 class=\"stk-block-heading__text has-text-color has-text-align-center\">Assembl\u00e9e G\u00e9n\u00e9rale<\/h1><\/div>\n<\/div><\/div><\/div>\n<\/div><\/div>\n\n\n\n<div class=\"wp-block-stackable-spacer stk-block-spacer stk--no-padding stk-block stk-2114dbe\" data-block-id=\"2114dbe\"><\/div>\n\n\n\n<div class=\"wp-block-group has-palette-color-1-color has-text-color has-link-color wp-elements-4e02fcea59af90b8be53f6dd71b26af3 is-layout-constrained wp-block-group-is-layout-constrained\">\n<p>Le club a le plaisir de vous inviter \u00e0 son <strong>assembl\u00e9e g\u00e9n\u00e9rale<\/strong>, qui se tiendra :<\/p>\n\n\n\n<ul class=\"wp-block-list\">\n<li><strong>\ud83d\udcc5 Date :<\/strong> Vendredi 23 janvier 2026<\/li>\n\n\n\n<li><strong>\ud83d\udd63 Heure :<\/strong> 20h30<\/li>\n\n\n\n<li><strong>\ud83d\udccd Lieu :<\/strong> Les Unelles \u2013 Salle de conf\u00e9rence<\/li>\n<\/ul>\n\n\n\n<p>Ce rendez-vous annuel est un moment important de la vie du club. C\u2019est l\u2019occasion de faire le bilan de l\u2019ann\u00e9e \u00e9coul\u00e9e, d\u2019\u00e9changer sur les projets \u00e0 venir et de participer activement \u00e0 la vie associative.<\/p>\n\n\n\n<p>\ud83d\udc49 <strong>Nous comptons sur votre pr\u00e9sence, venez nombreux !<\/strong><\/p>\n<\/div>\n","protected":false},"excerpt":{"rendered":"<p>10 Janvier 2026 Assembl\u00e9e G\u00e9n\u00e9rale Le club a le plaisir de vous inviter \u00e0 son assembl\u00e9e g\u00e9n\u00e9rale, qui se tiendra : Ce rendez-vous annuel est un moment important de la vie du club. C\u2019est l\u2019occasion de faire le bilan de l\u2019ann\u00e9e \u00e9coul\u00e9e, d\u2019\u00e9changer sur les projets \u00e0 venir et de participer activement \u00e0 la vie [&hellip;]<\/p>\n","protected":false},"author":1,"featured_media":0,"parent":0,"menu_order":0,"comment_status":"closed","ping_status":"closed","template":"","meta":{"footnotes":""},"class_list":["post-1142","page","type-page","status-publish","hentry"],"blocksy_meta":[],"_links":{"self":[{"href":"https:\/\/gymcoutances.fr\/index.php\/wp-json\/wp\/v2\/pages\/1142","targetHints":{"allow":["GET"]}}],"collection":[{"href":"https:\/\/gymcoutances.fr\/index.php\/wp-json\/wp\/v2\/pages"}],"about":[{"href":"https:\/\/gymcoutances.fr\/index.php\/wp-json\/wp\/v2\/types\/page"}],"author":[{"embeddable":true,"href":"https:\/\/gymcoutances.fr\/index.php\/wp-json\/wp\/v2\/users\/1"}],"replies":[{"embeddable":true,"href":"https:\/\/gymcoutances.fr\/index.php\/wp-json\/wp\/v2\/comments?post=1142"}],"version-history":[{"count":9,"href":"https:\/\/gymcoutances.fr\/index.php\/wp-json\/wp\/v2\/pages\/1142\/revisions"}],"predecessor-version":[{"id":1524,"href":"https:\/\/gymcoutances.fr\/index.php\/wp-json\/wp\/v2\/pages\/1142\/revisions\/1524"}],"wp:attachment":[{"href":"https:\/\/gymcoutances.fr\/index.php\/wp-json\/wp\/v2\/media?parent=1142"}],"curies":[{"name":"wp","href":"https:\/\/api.w.org\/{rel}","templated":true}]}}